{"id":379,"date":"2023-11-19T18:37:40","date_gmt":"2023-11-19T23:37:40","guid":{"rendered":"https:\/\/french-business-club.com\/?page_id=379"},"modified":"2024-02-14T11:49:08","modified_gmt":"2024-02-14T16:49:08","slug":"contactez-nous","status":"publish","type":"page","link":"https:\/\/french-business-club.com\/en\/contactez-nous\/","title":{"rendered":"Contact Us"},"content":{"rendered":"<div data-elementor-type=\"wp-page\" data-elementor-id=\"379\" class=\"elementor elementor-379\" data-elementor-post-type=\"page\">\n\t\t\t\t\t\t<div class=\"elementor-section elementor-top-section elementor-element elementor-element-354ec1fa elementor-section-boxed elementor-section-height-default elementor-section-height-default\" data-id=\"354ec1fa\" data-element_type=\"section\" data-settings=\"{&quot;background_background&quot;:&quot;classic&quot;}\">\n\t\t\t\t\t\t<div class=\"elementor-container elementor-column-gap-default\">\n\t\t\t\t\t<div class=\"elementor-column elementor-col-50 elementor-top-column elementor-element elementor-element-401b2ac2\" data-id=\"401b2ac2\" data-element_type=\"column\">\n\t\t\t<div class=\"elementor-widget-wrap elementor-element-populated\">\n\t\t\t\t\t\t<div class=\"elementor-element elementor-element-1d173ac1 elementor-widget elementor-widget-heading\" data-id=\"1d173ac1\" data-element_type=\"widget\" data-widget_type=\"heading.default\">\n\t\t\t\t<div class=\"elementor-widget-container\">\n\t\t\t\t\t<h1 class=\"elementor-heading-title elementor-size-default\">Entrons en Contact<\/h1>\t\t\t\t<\/div>\n\t\t\t\t<\/div>\n\t\t\t\t<div class=\"elementor-element elementor-element-449cd58e elementor-widget__width-initial elementor-widget-tablet__width-inherit elementor-widget-mobile__width-inherit elementor-widget elementor-widget-text-editor\" data-id=\"449cd58e\" data-element_type=\"widget\" data-widget_type=\"text-editor.default\">\n\t\t\t\t<div class=\"elementor-widget-container\">\n\t\t\t\t\t\t\t\t\t<p>Que vous souhaitiez \u00e9clairer nos \u00e9v\u00e9nements dans vos articles, forger des partenariats enrichissants ou simplement en savoir plus sur notre club, nous sommes \u00e0 votre \u00e9coute.<\/p>\t\t\t\t\t\t\t\t<\/div>\n\t\t\t\t<\/div>\n\t\t\t\t\t<\/div>\n\t\t<\/div>\n\t\t\t\t<div class=\"elementor-column elementor-col-50 elementor-top-column elementor-element elementor-element-192f4cb8\" data-id=\"192f4cb8\" data-element_type=\"column\">\n\t\t\t<div class=\"elementor-widget-wrap elementor-element-populated\">\n\t\t\t\t\t\t<div class=\"elementor-section elementor-inner-section elementor-element elementor-element-ccf955b elementor-section-boxed elementor-section-height-default elementor-section-height-default\" data-id=\"ccf955b\" data-element_type=\"section\">\n\t\t\t\t\t\t<div class=\"elementor-container elementor-column-gap-default\">\n\t\t\t\t\t<div class=\"elementor-column elementor-col-50 elementor-inner-column elementor-element elementor-element-2679b9c\" data-id=\"2679b9c\" data-element_type=\"column\">\n\t\t\t<div class=\"elementor-widget-wrap elementor-element-populated\">\n\t\t\t\t\t\t<div class=\"elementor-element elementor-element-28df858 elementor-widget elementor-widget-spacer\" data-id=\"28df858\" data-element_type=\"widget\" data-widget_type=\"spacer.default\">\n\t\t\t\t<div class=\"elementor-widget-container\">\n\t\t\t\t\t\t\t<div class=\"elementor-spacer\">\n\t\t\t<div class=\"elementor-spacer-inner\"><\/div>\n\t\t<\/div>\n\t\t\t\t\t\t<\/div>\n\t\t\t\t<\/div>\n\t\t\t\t<div class=\"elementor-element elementor-element-84b85b1 elementor-widget elementor-widget-image\" data-id=\"84b85b1\" data-element_type=\"widget\" data-widget_type=\"image.default\">\n\t\t\t\t<div class=\"elementor-widget-container\">\n\t\t\t\t\t\t\t\t\t\t\t\t\t\t\t<img fetchpriority=\"high\" decoding=\"async\" width=\"500\" height=\"375\" src=\"https:\/\/french-business-club.com\/wp-content\/uploads\/2023\/11\/meeting-1.jpg\" class=\"attachment-full size-full wp-image-556\" alt=\"\" srcset=\"https:\/\/french-business-club.com\/wp-content\/uploads\/2023\/11\/meeting-1.jpg 500w, https:\/\/french-business-club.com\/wp-content\/uploads\/2023\/11\/meeting-1-300x225.jpg 300w\" sizes=\"(max-width: 500px) 100vw, 500px\" \/>\t\t\t\t\t\t\t\t\t\t\t\t\t\t\t<\/div>\n\t\t\t\t<\/div>\n\t\t\t\t<div class=\"elementor-element elementor-element-4988dfc elementor-widget elementor-widget-image\" data-id=\"4988dfc\" data-element_type=\"widget\" data-widget_type=\"image.default\">\n\t\t\t\t<div class=\"elementor-widget-container\">\n\t\t\t\t\t\t\t\t\t\t\t\t\t\t\t<img decoding=\"async\" width=\"500\" height=\"333\" src=\"https:\/\/french-business-club.com\/wp-content\/uploads\/2023\/11\/meeting-4.jpg\" class=\"attachment-full size-full wp-image-559\" alt=\"\" srcset=\"https:\/\/french-business-club.com\/wp-content\/uploads\/2023\/11\/meeting-4.jpg 500w, https:\/\/french-business-club.com\/wp-content\/uploads\/2023\/11\/meeting-4-300x200.jpg 300w\" sizes=\"(max-width: 500px) 100vw, 500px\" \/>\t\t\t\t\t\t\t\t\t\t\t\t\t\t\t<\/div>\n\t\t\t\t<\/div>\n\t\t\t\t<div class=\"elementor-element elementor-element-052d9b9 elementor-widget elementor-widget-image\" data-id=\"052d9b9\" data-element_type=\"widget\" data-widget_type=\"image.default\">\n\t\t\t\t<div class=\"elementor-widget-container\">\n\t\t\t\t\t\t\t\t\t\t\t\t\t\t\t<img decoding=\"async\" width=\"500\" height=\"333\" src=\"https:\/\/french-business-club.com\/wp-content\/uploads\/2023\/11\/meeting-3.jpg\" class=\"attachment-full size-full wp-image-558\" alt=\"\" srcset=\"https:\/\/french-business-club.com\/wp-content\/uploads\/2023\/11\/meeting-3.jpg 500w, https:\/\/french-business-club.com\/wp-content\/uploads\/2023\/11\/meeting-3-300x200.jpg 300w\" sizes=\"(max-width: 500px) 100vw, 500px\" \/>\t\t\t\t\t\t\t\t\t\t\t\t\t\t\t<\/div>\n\t\t\t\t<\/div>\n\t\t\t\t\t<\/div>\n\t\t<\/div>\n\t\t\t\t<div class=\"elementor-column elementor-col-50 elementor-inner-column elementor-element elementor-element-b450fdf\" data-id=\"b450fdf\" data-element_type=\"column\">\n\t\t\t<div class=\"elementor-widget-wrap elementor-element-populated\">\n\t\t\t\t\t\t<div class=\"elementor-element elementor-element-4200fbe elementor-widget elementor-widget-image\" data-id=\"4200fbe\" data-element_type=\"widget\" data-widget_type=\"image.default\">\n\t\t\t\t<div class=\"elementor-widget-container\">\n\t\t\t\t\t\t\t\t\t\t\t\t\t\t\t<img decoding=\"async\" src=\"https:\/\/french-business-club.com\/wp-content\/uploads\/2023\/11\/Elearning-Hero-Image-4.webp\" title=\"\" alt=\"\" loading=\"lazy\" \/>\t\t\t\t\t\t\t\t\t\t\t\t\t\t\t<\/div>\n\t\t\t\t<\/div>\n\t\t\t\t<div class=\"elementor-element elementor-element-5c81735 elementor-widget elementor-widget-image\" data-id=\"5c81735\" data-element_type=\"widget\" data-widget_type=\"image.default\">\n\t\t\t\t<div class=\"elementor-widget-container\">\n\t\t\t\t\t\t\t\t\t\t\t\t\t\t\t<img loading=\"lazy\" decoding=\"async\" width=\"400\" height=\"267\" src=\"https:\/\/french-business-club.com\/wp-content\/uploads\/2023\/11\/meeting-2.jpg\" class=\"attachment-full size-full wp-image-557\" alt=\"\" srcset=\"https:\/\/french-business-club.com\/wp-content\/uploads\/2023\/11\/meeting-2.jpg 400w, https:\/\/french-business-club.com\/wp-content\/uploads\/2023\/11\/meeting-2-300x200.jpg 300w\" sizes=\"(max-width: 400px) 100vw, 400px\" \/>\t\t\t\t\t\t\t\t\t\t\t\t\t\t\t<\/div>\n\t\t\t\t<\/div>\n\t\t\t\t<div class=\"elementor-element elementor-element-f9971bc elementor-widget elementor-widget-spacer\" data-id=\"f9971bc\" data-element_type=\"widget\" data-widget_type=\"spacer.default\">\n\t\t\t\t<div class=\"elementor-widget-container\">\n\t\t\t\t\t\t\t<div class=\"elementor-spacer\">\n\t\t\t<div class=\"elementor-spacer-inner\"><\/div>\n\t\t<\/div>\n\t\t\t\t\t\t<\/div>\n\t\t\t\t<\/div>\n\t\t\t\t\t<\/div>\n\t\t<\/div>\n\t\t\t\t\t<\/div>\n\t\t<\/div>\n\t\t\t\t\t<\/div>\n\t\t<\/div>\n\t\t\t\t\t<\/div>\n\t\t<\/div>\n\t\t\t\t<section class=\"elementor-section elementor-top-section elementor-element elementor-element-dbc730c elementor-section-boxed elementor-section-height-default elementor-section-height-default\" data-id=\"dbc730c\" data-element_type=\"section\">\n\t\t\t\t\t\t<div class=\"elementor-container elementor-column-gap-default\">\n\t\t\t\t\t<div class=\"elementor-column elementor-col-50 elementor-top-column elementor-element elementor-element-5887083a\" data-id=\"5887083a\" data-element_type=\"column\">\n\t\t\t<div class=\"elementor-widget-wrap elementor-element-populated\">\n\t\t\t\t\t\t<div class=\"elementor-element elementor-element-4018998d  ui-split-animate ui-splitby-lines elementor-widget elementor-widget-text-editor\" data-id=\"4018998d\" data-element_type=\"widget\" data-settings=\"{&quot;ui_animate_split&quot;:&quot;ui-split-animate&quot;,&quot;ui_animate_split_by&quot;:&quot;lines&quot;,&quot;ui_animate_split_style&quot;:&quot;fadeInUp&quot;}\" data-widget_type=\"text-editor.default\">\n\t\t\t\t<div class=\"elementor-widget-container\">\n\t\t\t\t\t\t\t\t\t<p>Entamons une conversation. Parlez-nous un peu de vous et envoyez-nous votre demande. Nous vous r\u00e9pondrons dans les plus brefs d\u00e9lais.<\/p>\t\t\t\t\t\t\t\t<\/div>\n\t\t\t\t<\/div>\n\t\t\t\t<div class=\"elementor-element elementor-element-37539edd elementor-invisible elementor-widget elementor-widget-heading\" data-id=\"37539edd\" data-element_type=\"widget\" data-settings=\"{&quot;_animation&quot;:&quot;fadeInUp&quot;,&quot;_animation_delay&quot;:600}\" data-widget_type=\"heading.default\">\n\t\t\t\t<div class=\"elementor-widget-container\">\n\t\t\t\t\t<h3 class=\"elementor-heading-title elementor-size-default\">Localisation<\/h3>\t\t\t\t<\/div>\n\t\t\t\t<\/div>\n\t\t\t\t<div class=\"elementor-element elementor-element-37982e5a elementor-position-left elementor-widget__width-initial elementor-widget-tablet__width-initial bdt-icon-type-icon elementor-vertical-align-top bdt-icon-effect-none elementor-invisible elementor-widget elementor-widget-bdt-advanced-icon-box\" data-id=\"37982e5a\" data-element_type=\"widget\" data-settings=\"{&quot;_animation&quot;:&quot;fadeInUp&quot;,&quot;_animation_delay&quot;:800}\" data-widget_type=\"bdt-advanced-icon-box.default\">\n\t\t\t\t<div class=\"elementor-widget-container\">\n\t\t\t\t\t\t\t<div class=\"bdt-ep-advanced-icon-box\">\n\n\t\t\t\t\t\t\t\n\t\t\t\t\t<div class=\"bdt-ep-advanced-icon-box-icon\">\n\t\t\t\t<span class=\"bdt-ep-advanced-icon-box-icon-wrap\">\n\n\n\t\t\t\t\t\n\t\t\t\t\t\t<svg aria-hidden=\"true\" class=\"e-font-icon-svg e-fas-map-marker-alt\" viewbox=\"0 0 384 512\" xmlns=\"http:\/\/www.w3.org\/2000\/svg\"><path d=\"M172.268 501.67C26.97 291.031 0 269.413 0 192 0 85.961 85.961 0 192 0s192 85.961 192 192c0 77.413-26.97 99.031-172.268 309.67-9.535 13.774-29.93 13.773-39.464 0zM192 272c44.183 0 80-35.817 80-80s-35.817-80-80-80-80 35.817-80 80 35.817 80 80 80z\"><\/path><\/svg>\n\n\t\t\t\t\t\t\t\t\t<\/span>\n\t\t\t<\/div>\n\t\t\n\t\t\t\t\n\t\t\t<div class=\"bdt-ep-advanced-icon-box-content\">\n\n\t\t\t\t\t\t\t\t\t\n\t\t\n\n\t\t\n\t\t\t\t\t\n\t\t\t\t\n\t\t\t\t\t\t\t\t\t<div class=\"bdt-ep-advanced-icon-box-description\">\n\t\t\t\t\t\t<p>Toronto ON, Canada, <span style=\"color: var(--uicore-typography--p-c,'#070707'); font-family: var(--uicore-typography--p-f,'Inter'); font-size: var(--uicore-typography--p-s,'10px'); font-style: var(--uicore-typography--p-st,'normal'); font-weight: var(--uicore-typography--p-w,'600'); letter-spacing: var(--uicore-typography--p-ls,'-0.027em'); text-transform: var(--uicore-typography--p-t,'none');\">Montreal QC, Canada<\/span><\/p>\t\t\t\t\t<\/div>\n\t\t\t\t\n\t\t\t\t\t\t\t<\/div>\n\t\t<\/div>\n\n\t\t\n\t\t\n\t\t\t\t<\/div>\n\t\t\t\t<\/div>\n\t\t\t\t\t<\/div>\n\t\t<\/div>\n\t\t\t\t<div class=\"elementor-column elementor-col-50 elementor-top-column elementor-element elementor-element-428d23eb\" data-id=\"428d23eb\" data-element_type=\"column\" data-settings=\"{&quot;background_background&quot;:&quot;classic&quot;}\">\n\t\t\t<div class=\"elementor-widget-wrap elementor-element-populated\">\n\t\t\t\t\t\t<div class=\"elementor-element elementor-element-1203ddf elementor-button-align-stretch elementor-widget elementor-widget-form\" data-id=\"1203ddf\" data-element_type=\"widget\" data-settings=\"{&quot;step_next_label&quot;:&quot;Next&quot;,&quot;step_previous_label&quot;:&quot;Previous&quot;,&quot;button_width&quot;:&quot;100&quot;,&quot;step_type&quot;:&quot;number_text&quot;,&quot;step_icon_shape&quot;:&quot;circle&quot;}\" data-widget_type=\"form.default\">\n\t\t\t\t<div class=\"elementor-widget-container\">\n\t\t\t\t\t\t\t<form class=\"elementor-form\" method=\"post\" name=\"Formulaire de contact\" action=\"\">\n\t\t\t<input type=\"hidden\" name=\"post_id\" value=\"379\"\/>\n\t\t\t<input type=\"hidden\" name=\"form_id\" value=\"1203ddf\"\/>\n\t\t\t<input type=\"hidden\" name=\"referer_title\" value=\"french-business-club.com\" \/>\n\n\t\t\t\n\t\t\t<div class=\"elementor-form-fields-wrapper elementor-labels-above\">\n\t\t\t\t\t\t\t\t<div class=\"elementor-field-type-text elementor-field-group elementor-column elementor-field-group-name elementor-col-100 elementor-field-required elementor-mark-required\">\n\t\t\t\t\t\t\t\t\t\t\t\t<label for=\"form-field-name\" class=\"elementor-field-label\">\n\t\t\t\t\t\t\t\tNom\t\t\t\t\t\t\t<\/label>\n\t\t\t\t\t\t\t\t\t\t\t\t\t\t<input size=\"1\" type=\"text\" name=\"form_fields[name]\" id=\"form-field-name\" class=\"elementor-field elementor-size-md  elementor-field-textual\" placeholder=\"Votre nom\" required=\"required\">\n\t\t\t\t\t\t\t\t\t\t\t<\/div>\n\t\t\t\t\t\t\t\t<div class=\"elementor-field-type-email elementor-field-group elementor-column elementor-field-group-email elementor-col-100 elementor-field-required elementor-mark-required\">\n\t\t\t\t\t\t\t\t\t\t\t\t<label for=\"form-field-email\" class=\"elementor-field-label\">\n\t\t\t\t\t\t\t\tEmail\t\t\t\t\t\t\t<\/label>\n\t\t\t\t\t\t\t\t\t\t\t\t\t\t<input size=\"1\" type=\"email\" name=\"form_fields[email]\" id=\"form-field-email\" class=\"elementor-field elementor-size-md  elementor-field-textual\" placeholder=\"nom@entreprise.com\" required=\"required\">\n\t\t\t\t\t\t\t\t\t\t\t<\/div>\n\t\t\t\t\t\t\t\t<div class=\"elementor-field-type-tel elementor-field-group elementor-column elementor-field-group-field_876e6b1 elementor-col-100\">\n\t\t\t\t\t\t\t\t\t\t\t\t<label for=\"form-field-field_876e6b1\" class=\"elementor-field-label\">\n\t\t\t\t\t\t\t\tNum\u00e9ro de t\u00e9l\u00e9phone\t\t\t\t\t\t\t<\/label>\n\t\t\t\t\t\t\t\t<input size=\"1\" type=\"tel\" name=\"form_fields[field_876e6b1]\" id=\"form-field-field_876e6b1\" class=\"elementor-field elementor-size-md  elementor-field-textual\" placeholder=\"123-456-7890\" pattern=\"[0-9()#&amp;+*-=.]+\" title=\"Only numbers and phone characters (#, -, *, etc) are accepted.\">\n\n\t\t\t\t\t\t<\/div>\n\t\t\t\t\t\t\t\t<div class=\"elementor-field-type-textarea elementor-field-group elementor-column elementor-field-group-message elementor-col-100 elementor-field-required elementor-mark-required\">\n\t\t\t\t\t\t\t\t\t\t\t\t<label for=\"form-field-message\" class=\"elementor-field-label\">\n\t\t\t\t\t\t\t\tMessage\t\t\t\t\t\t\t<\/label>\n\t\t\t\t\t\t<textarea class=\"elementor-field-textual elementor-field  elementor-size-md\" name=\"form_fields[message]\" id=\"form-field-message\" rows=\"4\" placeholder=\"Votre message\" required=\"required\"><\/textarea>\t\t\t\t<\/div>\n\t\t\t\t\t\t\t\t<div class=\"elementor-field-type-recaptcha_v3 elementor-field-group elementor-column elementor-field-group-field_daee457 elementor-col-100 recaptcha_v3-bottomright\">\n\t\t\t\t\t<div class=\"elementor-field\" id=\"form-field-field_daee457\"><div class=\"elementor-g-recaptcha\" data-sitekey=\"6LfiCXMpAAAAANIpRxi-scEbdZcy0ZYDI5oU3Hg4\" data-type=\"v3\" data-action=\"Form\" data-badge=\"bottomright\" data-size=\"invisible\"><\/div><\/div>\t\t\t\t<\/div>\n\t\t\t\t\t\t\t\t<div class=\"elementor-field-group elementor-column elementor-field-type-submit elementor-col-100 e-form__buttons\">\n\t\t\t\t\t<button class=\"elementor-button elementor-size-sm\" type=\"submit\">\n\t\t\t\t\t\t<span class=\"elementor-button-content-wrapper\">\n\t\t\t\t\t\t\t\t\t\t\t\t\t\t\t\t\t\t\t\t\t\t<span class=\"elementor-button-text\">Envoyer<\/span>\n\t\t\t\t\t\t\t\t\t\t\t\t\t<\/span>\n\t\t\t\t\t<\/button>\n\t\t\t\t<\/div>\n\t\t\t<\/div>\n\t\t<input type=\"hidden\" name=\"trp-form-language\" value=\"en\"\/><\/form>\n\t\t\t\t\t\t<\/div>\n\t\t\t\t<\/div>\n\t\t\t\t\t<\/div>\n\t\t<\/div>\n\t\t\t\t\t<\/div>\n\t\t<\/section>\n\t\t\t\t<\/div>","protected":false},"excerpt":{"rendered":"<p>Entrons en Contact Que vous souhaitiez \u00e9clairer nos \u00e9v\u00e9nements dans vos articles, forger des partenariats enrichissants ou simplement en savoir plus sur [&hellip;]<\/p>","protected":false},"author":2,"featured_media":0,"parent":0,"menu_order":0,"comment_status":"closed","ping_status":"closed","template":"","meta":{"footnotes":""},"class_list":["post-379","page","type-page","status-publish","hentry"],"yoast_head":"<!-- This site is optimized with the Yoast SEO plugin v25.3 - https:\/\/yoast.com\/wordpress\/plugins\/seo\/ -->\n<title>Contactez le French Business Club - Ensemble, Fa\u00e7onnons l&#039;Avenir<\/title>\n<meta name=\"description\" content=\"Entrez en contact avec le French Business Club pour explorer des partenariats enrichissants, \u00e9clairer nos \u00e9v\u00e9nements dans vos articles, ou simplement en savoir plus sur notre r\u00e9seau unique d&#039;entrepreneurs francophones.\" \/>\n<meta name=\"robots\" content=\"index, follow, max-snippet:-1, max-image-preview:large, max-video-preview:-1\" \/>\n<link rel=\"canonical\" href=\"https:\/\/french-business-club.com\/en\/contactez-nous\/\" \/>\n<meta property=\"og:locale\" content=\"en_US\" \/>\n<meta property=\"og:type\" content=\"article\" \/>\n<meta property=\"og:title\" content=\"Contactez le French Business Club - Ensemble, Fa\u00e7onnons l&#039;Avenir\" \/>\n<meta property=\"og:description\" content=\"Entrez en contact avec le French Business Club pour explorer des partenariats enrichissants, \u00e9clairer nos \u00e9v\u00e9nements dans vos articles, ou simplement en savoir plus sur notre r\u00e9seau unique d&#039;entrepreneurs francophones.\" \/>\n<meta property=\"og:url\" content=\"https:\/\/french-business-club.com\/en\/contactez-nous\/\" \/>\n<meta property=\"og:site_name\" content=\"french-business-club.com\" \/>\n<meta property=\"article:modified_time\" content=\"2024-02-14T16:49:08+00:00\" \/>\n<meta property=\"og:image\" content=\"https:\/\/french-business-club.com\/wp-content\/uploads\/2023\/11\/meeting-1.jpg\" \/>\n<meta name=\"twitter:card\" content=\"summary_large_image\" \/>\n<meta name=\"twitter:label1\" content=\"Est. reading time\" \/>\n\t<meta name=\"twitter:data1\" content=\"2 minutes\" \/>\n<script type=\"application\/ld+json\" class=\"yoast-schema-graph\">{\"@context\":\"https:\/\/schema.org\",\"@graph\":[{\"@type\":\"WebPage\",\"@id\":\"https:\/\/french-business-club.com\/contactez-nous\/\",\"url\":\"https:\/\/french-business-club.com\/contactez-nous\/\",\"name\":\"Contactez le French Business Club - Ensemble, Fa\u00e7onnons l'Avenir\",\"isPartOf\":{\"@id\":\"https:\/\/french-business-club.com\/#website\"},\"primaryImageOfPage\":{\"@id\":\"https:\/\/french-business-club.com\/contactez-nous\/#primaryimage\"},\"image\":{\"@id\":\"https:\/\/french-business-club.com\/contactez-nous\/#primaryimage\"},\"thumbnailUrl\":\"https:\/\/french-business-club.com\/wp-content\/uploads\/2023\/11\/meeting-1.jpg\",\"datePublished\":\"2023-11-19T23:37:40+00:00\",\"dateModified\":\"2024-02-14T16:49:08+00:00\",\"description\":\"Entrez en contact avec le French Business Club pour explorer des partenariats enrichissants, \u00e9clairer nos \u00e9v\u00e9nements dans vos articles, ou simplement en savoir plus sur notre r\u00e9seau unique d'entrepreneurs francophones.\",\"breadcrumb\":{\"@id\":\"https:\/\/french-business-club.com\/contactez-nous\/#breadcrumb\"},\"inLanguage\":\"en-CA\",\"potentialAction\":[{\"@type\":\"ReadAction\",\"target\":[\"https:\/\/french-business-club.com\/contactez-nous\/\"]}]},{\"@type\":\"ImageObject\",\"inLanguage\":\"en-CA\",\"@id\":\"https:\/\/french-business-club.com\/contactez-nous\/#primaryimage\",\"url\":\"https:\/\/french-business-club.com\/wp-content\/uploads\/2023\/11\/meeting-1.jpg\",\"contentUrl\":\"https:\/\/french-business-club.com\/wp-content\/uploads\/2023\/11\/meeting-1.jpg\"},{\"@type\":\"BreadcrumbList\",\"@id\":\"https:\/\/french-business-club.com\/contactez-nous\/#breadcrumb\",\"itemListElement\":[{\"@type\":\"ListItem\",\"position\":1,\"name\":\"Home\",\"item\":\"https:\/\/french-business-club.com\/\"},{\"@type\":\"ListItem\",\"position\":2,\"name\":\"Contactez-nous\"}]},{\"@type\":\"WebSite\",\"@id\":\"https:\/\/french-business-club.com\/#website\",\"url\":\"https:\/\/french-business-club.com\/\",\"name\":\"French Business Club\",\"description\":\"\",\"publisher\":{\"@id\":\"https:\/\/french-business-club.com\/#organization\"},\"potentialAction\":[{\"@type\":\"SearchAction\",\"target\":{\"@type\":\"EntryPoint\",\"urlTemplate\":\"https:\/\/french-business-club.com\/?s={search_term_string}\"},\"query-input\":{\"@type\":\"PropertyValueSpecification\",\"valueRequired\":true,\"valueName\":\"search_term_string\"}}],\"inLanguage\":\"en-CA\"},{\"@type\":\"Organization\",\"@id\":\"https:\/\/french-business-club.com\/#organization\",\"name\":\"French Business Club\",\"url\":\"https:\/\/french-business-club.com\/\",\"logo\":{\"@type\":\"ImageObject\",\"inLanguage\":\"en-CA\",\"@id\":\"https:\/\/french-business-club.com\/#\/schema\/logo\/image\/\",\"url\":\"https:\/\/french-business-club.com\/wp-content\/uploads\/2023\/11\/FBC-Logo.svg\",\"contentUrl\":\"https:\/\/french-business-club.com\/wp-content\/uploads\/2023\/11\/FBC-Logo.svg\",\"width\":347,\"height\":72,\"caption\":\"French Business Club\"},\"image\":{\"@id\":\"https:\/\/french-business-club.com\/#\/schema\/logo\/image\/\"},\"sameAs\":[\"https:\/\/www.linkedin.com\/company\/french-business-club\/\"]}]}<\/script>\n<!-- \/ Yoast SEO plugin. -->","yoast_head_json":{"title":"Contactez le French Business Club - Ensemble, Fa\u00e7onnons l'Avenir","description":"Entrez en contact avec le French Business Club pour explorer des partenariats enrichissants, \u00e9clairer nos \u00e9v\u00e9nements dans vos articles, ou simplement en savoir plus sur notre r\u00e9seau unique d'entrepreneurs francophones.","robots":{"index":"index","follow":"follow","max-snippet":"max-snippet:-1","max-image-preview":"max-image-preview:large","max-video-preview":"max-video-preview:-1"},"canonical":"https:\/\/french-business-club.com\/en\/contactez-nous\/","og_locale":"en_US","og_type":"article","og_title":"Contactez le French Business Club - Ensemble, Fa\u00e7onnons l'Avenir","og_description":"Entrez en contact avec le French Business Club pour explorer des partenariats enrichissants, \u00e9clairer nos \u00e9v\u00e9nements dans vos articles, ou simplement en savoir plus sur notre r\u00e9seau unique d'entrepreneurs francophones.","og_url":"https:\/\/french-business-club.com\/en\/contactez-nous\/","og_site_name":"french-business-club.com","article_modified_time":"2024-02-14T16:49:08+00:00","og_image":[{"url":"https:\/\/french-business-club.com\/wp-content\/uploads\/2023\/11\/meeting-1.jpg","type":"","width":"","height":""}],"twitter_card":"summary_large_image","twitter_misc":{"Est. reading time":"2 minutes"},"schema":{"@context":"https:\/\/schema.org","@graph":[{"@type":"WebPage","@id":"https:\/\/french-business-club.com\/contactez-nous\/","url":"https:\/\/french-business-club.com\/contactez-nous\/","name":"Contactez le French Business Club - Ensemble, Fa\u00e7onnons l'Avenir","isPartOf":{"@id":"https:\/\/french-business-club.com\/#website"},"primaryImageOfPage":{"@id":"https:\/\/french-business-club.com\/contactez-nous\/#primaryimage"},"image":{"@id":"https:\/\/french-business-club.com\/contactez-nous\/#primaryimage"},"thumbnailUrl":"https:\/\/french-business-club.com\/wp-content\/uploads\/2023\/11\/meeting-1.jpg","datePublished":"2023-11-19T23:37:40+00:00","dateModified":"2024-02-14T16:49:08+00:00","description":"Entrez en contact avec le French Business Club pour explorer des partenariats enrichissants, \u00e9clairer nos \u00e9v\u00e9nements dans vos articles, ou simplement en savoir plus sur notre r\u00e9seau unique d'entrepreneurs francophones.","breadcrumb":{"@id":"https:\/\/french-business-club.com\/contactez-nous\/#breadcrumb"},"inLanguage":"en-CA","potentialAction":[{"@type":"ReadAction","target":["https:\/\/french-business-club.com\/contactez-nous\/"]}]},{"@type":"ImageObject","inLanguage":"en-CA","@id":"https:\/\/french-business-club.com\/contactez-nous\/#primaryimage","url":"https:\/\/french-business-club.com\/wp-content\/uploads\/2023\/11\/meeting-1.jpg","contentUrl":"https:\/\/french-business-club.com\/wp-content\/uploads\/2023\/11\/meeting-1.jpg"},{"@type":"BreadcrumbList","@id":"https:\/\/french-business-club.com\/contactez-nous\/#breadcrumb","itemListElement":[{"@type":"ListItem","position":1,"name":"Home","item":"https:\/\/french-business-club.com\/"},{"@type":"ListItem","position":2,"name":"Contactez-nous"}]},{"@type":"WebSite","@id":"https:\/\/french-business-club.com\/#website","url":"https:\/\/french-business-club.com\/","name":"French Business Club","description":"","publisher":{"@id":"https:\/\/french-business-club.com\/#organization"},"potentialAction":[{"@type":"SearchAction","target":{"@type":"EntryPoint","urlTemplate":"https:\/\/french-business-club.com\/?s={search_term_string}"},"query-input":{"@type":"PropertyValueSpecification","valueRequired":true,"valueName":"search_term_string"}}],"inLanguage":"en-CA"},{"@type":"Organization","@id":"https:\/\/french-business-club.com\/#organization","name":"French Business Club","url":"https:\/\/french-business-club.com\/","logo":{"@type":"ImageObject","inLanguage":"en-CA","@id":"https:\/\/french-business-club.com\/#\/schema\/logo\/image\/","url":"https:\/\/french-business-club.com\/wp-content\/uploads\/2023\/11\/FBC-Logo.svg","contentUrl":"https:\/\/french-business-club.com\/wp-content\/uploads\/2023\/11\/FBC-Logo.svg","width":347,"height":72,"caption":"French Business Club"},"image":{"@id":"https:\/\/french-business-club.com\/#\/schema\/logo\/image\/"},"sameAs":["https:\/\/www.linkedin.com\/company\/french-business-club\/"]}]}},"_links":{"self":[{"href":"https:\/\/french-business-club.com\/en\/wp-json\/wp\/v2\/pages\/379","targetHints":{"allow":["GET"]}}],"collection":[{"href":"https:\/\/french-business-club.com\/en\/wp-json\/wp\/v2\/pages"}],"about":[{"href":"https:\/\/french-business-club.com\/en\/wp-json\/wp\/v2\/types\/page"}],"author":[{"embeddable":true,"href":"https:\/\/french-business-club.com\/en\/wp-json\/wp\/v2\/users\/2"}],"replies":[{"embeddable":true,"href":"https:\/\/french-business-club.com\/en\/wp-json\/wp\/v2\/comments?post=379"}],"version-history":[{"count":0,"href":"https:\/\/french-business-club.com\/en\/wp-json\/wp\/v2\/pages\/379\/revisions"}],"wp:attachment":[{"href":"https:\/\/french-business-club.com\/en\/wp-json\/wp\/v2\/media?parent=379"}],"curies":[{"name":"wp","href":"https:\/\/api.w.org\/{rel}","templated":true}]}}